{"id":592,"date":"2018-11-27T09:17:08","date_gmt":"2018-11-27T09:17:08","guid":{"rendered":"http:\/\/www.pro-it.hu\/pronew\/about\/"},"modified":"2020-04-27T07:57:38","modified_gmt":"2020-04-27T07:57:38","slug":"szolgaltatasok","status":"publish","type":"page","link":"http:\/\/www.pro-it.hu\/pronew\/szolgaltatasok\/","title":{"rendered":"szolgaltatasok"},"content":{"rendered":"\t\t<div data-elementor-type=\"wp-post\" data-elementor-id=\"592\" class=\"elementor elementor-592\">\n\t\t\t\t\t\t<div class=\"elementor-inner\">\n\t\t\t\t<div class=\"elementor-section-wrap\">\n\t\t\t\t\t\t\t\t\t<section class=\"elementor-section elementor-top-section elementor-element elementor-element-d7d8b56 elementor-section-boxed elementor-section-height-default elementor-section-height-default\" data-id=\"d7d8b56\" data-element_type=\"section\" data-settings=\"{&quot;background_background&quot;:&quot;classic&quot;}\">\n\t\t\t\t\t\t\t<div class=\"elementor-background-overlay\"><\/div>\n\t\t\t\t\t\t\t<div class=\"elementor-container elementor-column-gap-default\">\n\t\t\t\t\t\t\t<div class=\"elementor-row\">\n\t\t\t\t\t<div class=\"elementor-column elementor-col-100 elementor-top-column elementor-element elementor-element-fd69444\" data-id=\"fd69444\" data-element_type=\"column\">\n\t\t\t<div class=\"elementor-column-wrap elementor-element-populated\">\n\t\t\t\t\t\t\t<div class=\"elementor-widget-wrap\">\n\t\t\t\t\t\t<div class=\"elementor-element elementor-element-abcc2f2 elementor-widget elementor-widget-heading\" data-id=\"abcc2f2\" data-element_type=\"widget\" data-widget_type=\"heading.default\">\n\t\t\t\t<div class=\"elementor-widget-container\">\n\t\t\t<h2 class=\"elementor-heading-title elementor-size-default\">Szolg\u00e1ltat\u00e1saink<\/h2>\t\t<\/div>\n\t\t\t\t<\/div>\n\t\t\t\t\t\t<\/div>\n\t\t\t\t\t<\/div>\n\t\t<\/div>\n\t\t\t\t\t\t\t\t<\/div>\n\t\t\t\t\t<\/div>\n\t\t<\/section>\n\t\t\t\t<section class=\"elementor-section elementor-top-section elementor-element elementor-element-656243d elementor-section-full_width elementor-section-height-default elementor-section-height-default\" data-id=\"656243d\" data-element_type=\"section\" data-settings=\"{&quot;background_background&quot;:&quot;classic&quot;}\">\n\t\t\t\t\t\t<div class=\"elementor-container elementor-column-gap-wide\">\n\t\t\t\t\t\t\t<div class=\"elementor-row\">\n\t\t\t\t\t<div class=\"elementor-column elementor-col-50 elementor-top-column elementor-element elementor-element-26cd22f\" data-id=\"26cd22f\" data-element_type=\"column\" data-settings=\"{&quot;background_background&quot;:&quot;classic&quot;}\">\n\t\t\t<div class=\"elementor-column-wrap elementor-element-populated\">\n\t\t\t\t\t\t\t<div class=\"elementor-widget-wrap\">\n\t\t\t\t\t\t<div class=\"elementor-element elementor-element-d17a067 elementor-widget elementor-widget-spacer\" data-id=\"d17a067\" data-element_type=\"widget\" data-widget_type=\"spacer.default\">\n\t\t\t\t<div class=\"elementor-widget-container\">\n\t\t\t\t\t<div class=\"elementor-spacer\">\n\t\t\t<div class=\"elementor-spacer-inner\"><\/div>\n\t\t<\/div>\n\t\t\t\t<\/div>\n\t\t\t\t<\/div>\n\t\t\t\t<div class=\"elementor-element elementor-element-b3d3cfe elementor-widget elementor-widget-image\" data-id=\"b3d3cfe\" data-element_type=\"widget\" data-widget_type=\"image.default\">\n\t\t\t\t<div class=\"elementor-widget-container\">\n\t\t\t\t\t\t\t\t<div class=\"elementor-image\">\n\t\t\t\t\t\t\t\t\t\t\t\t\t<a href=\"https:\/\/www.kolsec.hu\/\" target=\"_blank\">\n\t\t\t\t\t\t\t<img width=\"1024\" height=\"324\" src=\"http:\/\/www.pro-it.hu\/pronew\/wp-content\/uploads\/2020\/03\/cropped-fekvo-szines-feher-1024x324.png\" class=\"elementor-animation-grow attachment-large size-large wp-image-857\" alt=\"\" loading=\"lazy\" srcset=\"http:\/\/www.pro-it.hu\/pronew\/wp-content\/uploads\/2020\/03\/cropped-fekvo-szines-feher-1024x324.png 1024w, http:\/\/www.pro-it.hu\/pronew\/wp-content\/uploads\/2020\/03\/cropped-fekvo-szines-feher-300x95.png 300w, http:\/\/www.pro-it.hu\/pronew\/wp-content\/uploads\/2020\/03\/cropped-fekvo-szines-feher-768x243.png 768w, http:\/\/www.pro-it.hu\/pronew\/wp-content\/uploads\/2020\/03\/cropped-fekvo-szines-feher-1536x486.png 1536w, http:\/\/www.pro-it.hu\/pronew\/wp-content\/uploads\/2020\/03\/cropped-fekvo-szines-feher-2048x649.png 2048w\" sizes=\"(max-width: 1024px) 100vw, 1024px\" \/>\t\t\t\t\t\t\t\t<\/a>\n\t\t\t\t\t\t\t\t\t\t\t\t\t\t<\/div>\n\t\t\t\t\t\t<\/div>\n\t\t\t\t<\/div>\n\t\t\t\t<div class=\"elementor-element elementor-element-220c67e elementor-widget elementor-widget-spacer\" data-id=\"220c67e\" data-element_type=\"widget\" data-widget_type=\"spacer.default\">\n\t\t\t\t<div class=\"elementor-widget-container\">\n\t\t\t\t\t<div class=\"elementor-spacer\">\n\t\t\t<div class=\"elementor-spacer-inner\"><\/div>\n\t\t<\/div>\n\t\t\t\t<\/div>\n\t\t\t\t<\/div>\n\t\t\t\t\t\t<\/div>\n\t\t\t\t\t<\/div>\n\t\t<\/div>\n\t\t\t\t<div class=\"elementor-column elementor-col-50 elementor-top-column elementor-element elementor-element-136adfd\" data-id=\"136adfd\" data-element_type=\"column\" data-settings=\"{&quot;background_background&quot;:&quot;classic&quot;}\">\n\t\t\t<div class=\"elementor-column-wrap elementor-element-populated\">\n\t\t\t\t\t\t\t<div class=\"elementor-widget-wrap\">\n\t\t\t\t\t\t<div class=\"elementor-element elementor-element-4698d91 elementor-widget elementor-widget-spacer\" data-id=\"4698d91\" data-element_type=\"widget\" data-widget_type=\"spacer.default\">\n\t\t\t\t<div class=\"elementor-widget-container\">\n\t\t\t\t\t<div class=\"elementor-spacer\">\n\t\t\t<div class=\"elementor-spacer-inner\"><\/div>\n\t\t<\/div>\n\t\t\t\t<\/div>\n\t\t\t\t<\/div>\n\t\t\t\t<div class=\"elementor-element elementor-element-0fdc6e6 elementor-widget elementor-widget-heading\" data-id=\"0fdc6e6\" data-element_type=\"widget\" data-widget_type=\"heading.default\">\n\t\t\t\t<div class=\"elementor-widget-container\">\n\t\t\t<h6 class=\"elementor-heading-title elementor-size-default\">BIZTONS\u00c1GTECHNIKAI RENDSZEREK TERVEZ\u00c9SE <\/h6>\t\t<\/div>\n\t\t\t\t<\/div>\n\t\t\t\t<div class=\"elementor-element elementor-element-089cce6 elementor-widget__width-initial elementor-widget elementor-widget-text-editor\" data-id=\"089cce6\" data-element_type=\"widget\" data-widget_type=\"text-editor.default\">\n\t\t\t\t<div class=\"elementor-widget-container\">\n\t\t\t\t\t\t\t\t<div class=\"elementor-text-editor elementor-clearfix\">\n\t\t\t\tBehatol\u00e1sjelz\u0151 rendszerek,kamerarendszerek, bel\u00e9ptet\u0151rendszerek,\nvezet\u00e9kes \u00e9s vezet\u00e9k n\u00e9lk\u00fcli\nh\u00e1l\u00f3zatok tervez\u00e9se.\n<br><br>\nPartner\u00fcnk KolSec Biztons\u00e1gtechnika.\n<br>\n<b><a style=\"color: #ee3b24;\" href=\"http:\/\/www.kolsec.hu\">\nTov\u00e1bbi inform\u00e1ci\u00f3k az al\u00e1bbi linken \u00e9rhet\u0151ek el.<\/a><\/b>\t\t\t\t\t<\/div>\n\t\t\t\t\t\t<\/div>\n\t\t\t\t<\/div>\n\t\t\t\t<div class=\"elementor-element elementor-element-446fb51 elementor-widget elementor-widget-spacer\" data-id=\"446fb51\" data-element_type=\"widget\" data-widget_type=\"spacer.default\">\n\t\t\t\t<div class=\"elementor-widget-container\">\n\t\t\t\t\t<div class=\"elementor-spacer\">\n\t\t\t<div class=\"elementor-spacer-inner\"><\/div>\n\t\t<\/div>\n\t\t\t\t<\/div>\n\t\t\t\t<\/div>\n\t\t\t\t\t\t<\/div>\n\t\t\t\t\t<\/div>\n\t\t<\/div>\n\t\t\t\t\t\t\t\t<\/div>\n\t\t\t\t\t<\/div>\n\t\t<\/section>\n\t\t\t\t<section class=\"elementor-section elementor-top-section elementor-element elementor-element-0df4246 elementor-section-boxed elementor-section-height-default elementor-section-height-default\" data-id=\"0df4246\" data-element_type=\"section\">\n\t\t\t\t\t\t\t<div class=\"elementor-background-overlay\"><\/div>\n\t\t\t\t\t\t\t<div class=\"elementor-container elementor-column-gap-default\">\n\t\t\t\t\t\t\t<div class=\"elementor-row\">\n\t\t\t\t\t<div class=\"elementor-column elementor-col-50 elementor-top-column elementor-element elementor-element-996b43e\" data-id=\"996b43e\" data-element_type=\"column\">\n\t\t\t<div class=\"elementor-column-wrap elementor-element-populated\">\n\t\t\t\t\t\t\t<div class=\"elementor-widget-wrap\">\n\t\t\t\t\t\t<div class=\"elementor-element elementor-element-7207a9e elementor-widget elementor-widget-spacer\" data-id=\"7207a9e\" data-element_type=\"widget\" data-widget_type=\"spacer.default\">\n\t\t\t\t<div class=\"elementor-widget-container\">\n\t\t\t\t\t<div class=\"elementor-spacer\">\n\t\t\t<div class=\"elementor-spacer-inner\"><\/div>\n\t\t<\/div>\n\t\t\t\t<\/div>\n\t\t\t\t<\/div>\n\t\t\t\t<div class=\"elementor-element elementor-element-7782df3 elementor-widget elementor-widget-heading\" data-id=\"7782df3\" data-element_type=\"widget\" data-widget_type=\"heading.default\">\n\t\t\t\t<div class=\"elementor-widget-container\">\n\t\t\t<h6 class=\"elementor-heading-title elementor-size-default\"> BIZTONS\u00c1GTECHNIKAI RENDSZEREK KIVITELEZ\u00c9SE \u00c9S \u00dcZEMELTET\u00c9SE<\/h6>\t\t<\/div>\n\t\t\t\t<\/div>\n\t\t\t\t<div class=\"elementor-element elementor-element-5dbdc4b elementor-widget elementor-widget-text-editor\" data-id=\"5dbdc4b\" data-element_type=\"widget\" data-widget_type=\"text-editor.default\">\n\t\t\t\t<div class=\"elementor-widget-container\">\n\t\t\t\t\t\t\t\t<div class=\"elementor-text-editor elementor-clearfix\">\n\t\t\t\t<p>C\u00e9g\u00fcnk a biztons\u00e1gtechnik\u00e1ban a min\u0151s\u00e9gen \u00e9s megb\u00edzhat\u00f3s\u00e1gon alapul\u00f3 rendszereket prefer\u00e1lja, ez\u00e9rt mindig igyeksz\u00fcnk megkeresni azokat a megold\u00e1sokat, amelyek min\u0151s\u00e9gben a fels\u0151 kateg\u00f3ri\u00e1t jelentik, mindezt megfizethet\u0151 \u00e1ron, legyen az t\u00e9rfigyel\u0151 kamerarendszer vagy egy\u00e9b biztons\u00e1gtechnikai eszk\u00f6z.<\/p>\t\t\t\t\t<\/div>\n\t\t\t\t\t\t<\/div>\n\t\t\t\t<\/div>\n\t\t\t\t<div class=\"elementor-element elementor-element-f9befbc elementor-widget elementor-widget-spacer\" data-id=\"f9befbc\" data-element_type=\"widget\" data-widget_type=\"spacer.default\">\n\t\t\t\t<div class=\"elementor-widget-container\">\n\t\t\t\t\t<div class=\"elementor-spacer\">\n\t\t\t<div class=\"elementor-spacer-inner\"><\/div>\n\t\t<\/div>\n\t\t\t\t<\/div>\n\t\t\t\t<\/div>\n\t\t\t\t\t\t<\/div>\n\t\t\t\t\t<\/div>\n\t\t<\/div>\n\t\t\t\t<div class=\"elementor-column elementor-col-50 elementor-top-column elementor-element elementor-element-80e4658\" data-id=\"80e4658\" data-element_type=\"column\">\n\t\t\t<div class=\"elementor-column-wrap elementor-element-populated\">\n\t\t\t\t\t\t\t<div class=\"elementor-widget-wrap\">\n\t\t\t\t\t\t<div class=\"elementor-element elementor-element-cbd2cae elementor-widget__width-auto elementor-widget elementor-widget-image\" data-id=\"cbd2cae\" data-element_type=\"widget\" data-widget_type=\"image.default\">\n\t\t\t\t<div class=\"elementor-widget-container\">\n\t\t\t\t\t\t\t\t<div class=\"elementor-image\">\n\t\t\t\t\t\t\t\t\t\t\t\t\t<a href=\"https:\/\/www.hikvision.com\/hu\/\">\n\t\t\t\t\t\t\t<img width=\"1024\" height=\"143\" src=\"http:\/\/www.pro-it.hu\/pronew\/wp-content\/uploads\/2020\/04\/Hikvision_logo-1024x143.png\" class=\"elementor-animation-grow attachment-large size-large wp-image-1433\" alt=\"\" loading=\"lazy\" srcset=\"http:\/\/www.pro-it.hu\/pronew\/wp-content\/uploads\/2020\/04\/Hikvision_logo-1024x143.png 1024w, http:\/\/www.pro-it.hu\/pronew\/wp-content\/uploads\/2020\/04\/Hikvision_logo-300x42.png 300w, http:\/\/www.pro-it.hu\/pronew\/wp-content\/uploads\/2020\/04\/Hikvision_logo-768x108.png 768w, http:\/\/www.pro-it.hu\/pronew\/wp-content\/uploads\/2020\/04\/Hikvision_logo-1536x215.png 1536w, http:\/\/www.pro-it.hu\/pronew\/wp-content\/uploads\/2020\/04\/Hikvision_logo-2048x287.png 2048w\" sizes=\"(max-width: 1024px) 100vw, 1024px\" \/>\t\t\t\t\t\t\t\t<\/a>\n\t\t\t\t\t\t\t\t\t\t\t\t\t\t<\/div>\n\t\t\t\t\t\t<\/div>\n\t\t\t\t<\/div>\n\t\t\t\t\t\t<\/div>\n\t\t\t\t\t<\/div>\n\t\t<\/div>\n\t\t\t\t\t\t\t\t<\/div>\n\t\t\t\t\t<\/div>\n\t\t<\/section>\n\t\t\t\t<section class=\"elementor-section elementor-top-section elementor-element elementor-element-f2a587b elementor-section-boxed elementor-section-height-default elementor-section-height-default\" data-id=\"f2a587b\" data-element_type=\"section\" data-settings=\"{&quot;background_background&quot;:&quot;classic&quot;}\">\n\t\t\t\t\t\t<div class=\"elementor-container elementor-column-gap-default\">\n\t\t\t\t\t\t\t<div class=\"elementor-row\">\n\t\t\t\t\t<div class=\"elementor-column elementor-col-50 elementor-top-column elementor-element elementor-element-88973ca\" data-id=\"88973ca\" data-element_type=\"column\" data-settings=\"{&quot;background_background&quot;:&quot;classic&quot;}\">\n\t\t\t<div class=\"elementor-column-wrap elementor-element-populated\">\n\t\t\t\t\t\t\t<div class=\"elementor-widget-wrap\">\n\t\t\t\t\t\t<div class=\"elementor-element elementor-element-3262dd0 elementor-widget elementor-widget-spacer\" data-id=\"3262dd0\" data-element_type=\"widget\" data-widget_type=\"spacer.default\">\n\t\t\t\t<div class=\"elementor-widget-container\">\n\t\t\t\t\t<div class=\"elementor-spacer\">\n\t\t\t<div class=\"elementor-spacer-inner\"><\/div>\n\t\t<\/div>\n\t\t\t\t<\/div>\n\t\t\t\t<\/div>\n\t\t\t\t<div class=\"elementor-element elementor-element-be5b6a5 elementor-widget elementor-widget-image\" data-id=\"be5b6a5\" data-element_type=\"widget\" data-widget_type=\"image.default\">\n\t\t\t\t<div class=\"elementor-widget-container\">\n\t\t\t\t\t\t\t\t<div class=\"elementor-image\">\n\t\t\t\t\t\t\t\t\t\t\t\t\t<a href=\"http:\/\/www.pro-it.hu\/pronew\/wp-content\/uploads\/2020\/04\/szolg4-300x169-1.jpg\" data-elementor-open-lightbox=\"yes\" data-elementor-lightbox-title=\"szolg4-300x169-1\" data-e-action-hash=\"#elementor-action%3Aaction%3Dlightbox%26settings%3DeyJpZCI6OTY1LCJ1cmwiOiJodHRwOlwvXC93d3cucHJvLWl0Lmh1XC9wcm9uZXdcL3dwLWNvbnRlbnRcL3VwbG9hZHNcLzIwMjBcLzA0XC9zem9sZzQtMzAweDE2OS0xLmpwZyJ9\">\n\t\t\t\t\t\t\t<img width=\"300\" height=\"169\" src=\"http:\/\/www.pro-it.hu\/pronew\/wp-content\/uploads\/2020\/04\/szolg4-300x169-1.jpg\" class=\"elementor-animation-grow attachment-large size-large wp-image-965\" alt=\"\" loading=\"lazy\" \/>\t\t\t\t\t\t\t\t<\/a>\n\t\t\t\t\t\t\t\t\t\t\t\t\t\t<\/div>\n\t\t\t\t\t\t<\/div>\n\t\t\t\t<\/div>\n\t\t\t\t<div class=\"elementor-element elementor-element-fc1d97e elementor-widget elementor-widget-spacer\" data-id=\"fc1d97e\" data-element_type=\"widget\" data-widget_type=\"spacer.default\">\n\t\t\t\t<div class=\"elementor-widget-container\">\n\t\t\t\t\t<div class=\"elementor-spacer\">\n\t\t\t<div class=\"elementor-spacer-inner\"><\/div>\n\t\t<\/div>\n\t\t\t\t<\/div>\n\t\t\t\t<\/div>\n\t\t\t\t\t\t<\/div>\n\t\t\t\t\t<\/div>\n\t\t<\/div>\n\t\t\t\t<div class=\"elementor-column elementor-col-50 elementor-top-column elementor-element elementor-element-b746916\" data-id=\"b746916\" data-element_type=\"column\" data-settings=\"{&quot;background_background&quot;:&quot;classic&quot;}\">\n\t\t\t<div class=\"elementor-column-wrap elementor-element-populated\">\n\t\t\t\t\t\t\t<div class=\"elementor-widget-wrap\">\n\t\t\t\t\t\t<div class=\"elementor-element elementor-element-574e3b5 elementor-widget elementor-widget-spacer\" data-id=\"574e3b5\" data-element_type=\"widget\" data-widget_type=\"spacer.default\">\n\t\t\t\t<div class=\"elementor-widget-container\">\n\t\t\t\t\t<div class=\"elementor-spacer\">\n\t\t\t<div class=\"elementor-spacer-inner\"><\/div>\n\t\t<\/div>\n\t\t\t\t<\/div>\n\t\t\t\t<\/div>\n\t\t\t\t<div class=\"elementor-element elementor-element-bb8d006 elementor-widget elementor-widget-heading\" data-id=\"bb8d006\" data-element_type=\"widget\" data-widget_type=\"heading.default\">\n\t\t\t\t<div class=\"elementor-widget-container\">\n\t\t\t<h6 class=\"elementor-heading-title elementor-size-default\">STRUKTUR\u00c1LT H\u00c1L\u00d3ZATOK TERVEZ\u00c9SE, KIVITELEZ\u00c9SE<\/h6>\t\t<\/div>\n\t\t\t\t<\/div>\n\t\t\t\t<div class=\"elementor-element elementor-element-d8c0daa elementor-widget elementor-widget-text-editor\" data-id=\"d8c0daa\" data-element_type=\"widget\" data-widget_type=\"text-editor.default\">\n\t\t\t\t<div class=\"elementor-widget-container\">\n\t\t\t\t\t\t\t\t<div class=\"elementor-text-editor elementor-clearfix\">\n\t\t\t\t<p>C\u00e9g\u00fcnk v\u00e1llalja kis-, k\u00f6zepes- \u00e9s nagy- m\u00e9ret\u0171 struktur\u00e1lt h\u00e1l\u00f3zatok teljes k\u00f6r\u0171 ki\u00e9p\u00edt\u00e9s\u00e9t, karbantart\u00e1s\u00e1t, \u00fczemeltet\u00e9s\u00e9t, megl\u00e9v\u0151 h\u00e1l\u00f3zatok b\u0151v\u00edt\u00e9s\u00e9t \u00e9s korszer\u0171s\u00edt\u00e9s\u00e9t.<\/p>\t\t\t\t\t<\/div>\n\t\t\t\t\t\t<\/div>\n\t\t\t\t<\/div>\n\t\t\t\t<div class=\"elementor-element elementor-element-2337440 elementor-widget elementor-widget-spacer\" data-id=\"2337440\" data-element_type=\"widget\" data-widget_type=\"spacer.default\">\n\t\t\t\t<div class=\"elementor-widget-container\">\n\t\t\t\t\t<div class=\"elementor-spacer\">\n\t\t\t<div class=\"elementor-spacer-inner\"><\/div>\n\t\t<\/div>\n\t\t\t\t<\/div>\n\t\t\t\t<\/div>\n\t\t\t\t\t\t<\/div>\n\t\t\t\t\t<\/div>\n\t\t<\/div>\n\t\t\t\t\t\t\t\t<\/div>\n\t\t\t\t\t<\/div>\n\t\t<\/section>\n\t\t\t\t<section class=\"elementor-section elementor-top-section elementor-element elementor-element-4618c21 elementor-section-boxed elementor-section-height-default elementor-section-height-default\" data-id=\"4618c21\" data-element_type=\"section\" data-settings=\"{&quot;background_background&quot;:&quot;classic&quot;}\">\n\t\t\t\t\t\t\t<div class=\"elementor-background-overlay\"><\/div>\n\t\t\t\t\t\t\t<div class=\"elementor-container elementor-column-gap-default\">\n\t\t\t\t\t\t\t<div class=\"elementor-row\">\n\t\t\t\t\t<div class=\"elementor-column elementor-col-50 elementor-top-column elementor-element elementor-element-72d4843\" data-id=\"72d4843\" data-element_type=\"column\">\n\t\t\t<div class=\"elementor-column-wrap elementor-element-populated\">\n\t\t\t\t\t\t\t<div class=\"elementor-widget-wrap\">\n\t\t\t\t\t\t<div class=\"elementor-element elementor-element-ae6d00a elementor-widget elementor-widget-spacer\" data-id=\"ae6d00a\" data-element_type=\"widget\" data-widget_type=\"spacer.default\">\n\t\t\t\t<div class=\"elementor-widget-container\">\n\t\t\t\t\t<div class=\"elementor-spacer\">\n\t\t\t<div class=\"elementor-spacer-inner\"><\/div>\n\t\t<\/div>\n\t\t\t\t<\/div>\n\t\t\t\t<\/div>\n\t\t\t\t<div class=\"elementor-element elementor-element-11d1b19 elementor-widget elementor-widget-heading\" data-id=\"11d1b19\" data-element_type=\"widget\" data-widget_type=\"heading.default\">\n\t\t\t\t<div class=\"elementor-widget-container\">\n\t\t\t<h6 class=\"elementor-heading-title elementor-size-default\">\u00c1TAL\u00c1NYD\u00cdJAS RENDSZERGAZDA SZOLG\u00c1LTAT\u00c1S<\/h6>\t\t<\/div>\n\t\t\t\t<\/div>\n\t\t\t\t<div class=\"elementor-element elementor-element-bdd5dc0 elementor-widget elementor-widget-text-editor\" data-id=\"bdd5dc0\" data-element_type=\"widget\" data-widget_type=\"text-editor.default\">\n\t\t\t\t<div class=\"elementor-widget-container\">\n\t\t\t\t\t\t\t\t<div class=\"elementor-text-editor elementor-clearfix\">\n\t\t\t\t<p>Informatikai probl\u00e9m\u00e1ba \u00fctk\u00f6z\u00f6tt, mi levessz\u00fck a v\u00e1ll\u00e1r\u00f3l az ezzel j\u00e1r\u00f3 terheket. El\u0151re tervezhet\u0151 \u00e9s versenyk\u00e9pes \u00e1ron ny\u00fajtjuk szolg\u00e1ltat\u00e1sainkat. Ezt a szolg\u00e1ltat\u00e1si form\u00e1t azoknak a c\u00e9geknek, v\u00e1llalkoz\u00e1soknak aj\u00e1nljuk, akik teljes k\u00f6r\u0171 informatikai \u00fczemeltet\u00e9st hozz\u00e1\u00e9rt\u0151 v\u00e1llalkoz\u00e1sra b\u00edzn\u00e1k.<\/p><h2>\u00a0<\/h2>\t\t\t\t\t<\/div>\n\t\t\t\t\t\t<\/div>\n\t\t\t\t<\/div>\n\t\t\t\t\t\t<\/div>\n\t\t\t\t\t<\/div>\n\t\t<\/div>\n\t\t\t\t<div class=\"elementor-column elementor-col-50 elementor-top-column elementor-element elementor-element-a075093\" data-id=\"a075093\" data-element_type=\"column\">\n\t\t\t<div class=\"elementor-column-wrap elementor-element-populated\">\n\t\t\t\t\t\t\t<div class=\"elementor-widget-wrap\">\n\t\t\t\t\t\t<div class=\"elementor-element elementor-element-7da2276 elementor-widget elementor-widget-spacer\" data-id=\"7da2276\" data-element_type=\"widget\" data-widget_type=\"spacer.default\">\n\t\t\t\t<div class=\"elementor-widget-container\">\n\t\t\t\t\t<div class=\"elementor-spacer\">\n\t\t\t<div class=\"elementor-spacer-inner\"><\/div>\n\t\t<\/div>\n\t\t\t\t<\/div>\n\t\t\t\t<\/div>\n\t\t\t\t<div class=\"elementor-element elementor-element-e306887 elementor-widget elementor-widget-image\" data-id=\"e306887\" data-element_type=\"widget\" data-widget_type=\"image.default\">\n\t\t\t\t<div class=\"elementor-widget-container\">\n\t\t\t\t\t\t\t\t<div class=\"elementor-image\">\n\t\t\t\t\t\t\t\t\t\t\t\t\t<a href=\"http:\/\/www.pro-it.hu\/pronew\/wp-content\/uploads\/2020\/04\/Master-a\u0300-distance-en-informatique.jpg\" data-elementor-open-lightbox=\"yes\" data-elementor-lightbox-title=\"Master-a\u0300-distance-en-informatique\" data-e-action-hash=\"#elementor-action%3Aaction%3Dlightbox%26settings%3DeyJpZCI6OTYzLCJ1cmwiOiJodHRwOlwvXC93d3cucHJvLWl0Lmh1XC9wcm9uZXdcL3dwLWNvbnRlbnRcL3VwbG9hZHNcLzIwMjBcLzA0XC9NYXN0ZXItYVx1MDMwMC1kaXN0YW5jZS1lbi1pbmZvcm1hdGlxdWUuanBnIn0%3D\">\n\t\t\t\t\t\t\t<img width=\"1024\" height=\"684\" src=\"http:\/\/www.pro-it.hu\/pronew\/wp-content\/uploads\/2020\/04\/Master-a\u0300-distance-en-informatique-1024x684.jpg\" class=\"elementor-animation-grow attachment-large size-large wp-image-963\" alt=\"\" loading=\"lazy\" srcset=\"http:\/\/www.pro-it.hu\/pronew\/wp-content\/uploads\/2020\/04\/Master-a\u0300-distance-en-informatique-1024x684.jpg 1024w, http:\/\/www.pro-it.hu\/pronew\/wp-content\/uploads\/2020\/04\/Master-a\u0300-distance-en-informatique-300x200.jpg 300w, http:\/\/www.pro-it.hu\/pronew\/wp-content\/uploads\/2020\/04\/Master-a\u0300-distance-en-informatique-768x513.jpg 768w, http:\/\/www.pro-it.hu\/pronew\/wp-content\/uploads\/2020\/04\/Master-a\u0300-distance-en-informatique.jpg 1200w\" sizes=\"(max-width: 1024px) 100vw, 1024px\" \/>\t\t\t\t\t\t\t\t<\/a>\n\t\t\t\t\t\t\t\t\t\t\t\t\t\t<\/div>\n\t\t\t\t\t\t<\/div>\n\t\t\t\t<\/div>\n\t\t\t\t<div class=\"elementor-element elementor-element-1208c57 elementor-widget elementor-widget-spacer\" data-id=\"1208c57\" data-element_type=\"widget\" data-widget_type=\"spacer.default\">\n\t\t\t\t<div class=\"elementor-widget-container\">\n\t\t\t\t\t<div class=\"elementor-spacer\">\n\t\t\t<div class=\"elementor-spacer-inner\"><\/div>\n\t\t<\/div>\n\t\t\t\t<\/div>\n\t\t\t\t<\/div>\n\t\t\t\t\t\t<\/div>\n\t\t\t\t\t<\/div>\n\t\t<\/div>\n\t\t\t\t\t\t\t\t<\/div>\n\t\t\t\t\t<\/div>\n\t\t<\/section>\n\t\t\t\t\t\t\t\t\t<\/div>\n\t\t\t<\/div>\n\t\t\t\t\t<\/div>\n\t\t","protected":false},"excerpt":{"rendered":"<p>Szolg\u00e1ltat\u00e1saink BIZTONS\u00c1GTECHNIKAI RENDSZEREK TERVEZ\u00c9SE Behatol\u00e1sjelz\u0151 rendszerek,kamerarendszerek, bel\u00e9ptet\u0151rendszerek, vezet\u00e9kes \u00e9s vezet\u00e9k n\u00e9lk\u00fcli h\u00e1l\u00f3zatok tervez\u00e9se. Partner\u00fcnk KolSec Biztons\u00e1gtechnika. Tov\u00e1bbi inform\u00e1ci\u00f3k az al\u00e1bbi linken \u00e9rhet\u0151ek el. BIZTONS\u00c1GTECHNIKAI RENDSZEREK KIVITELEZ\u00c9SE \u00c9S \u00dcZEMELTET\u00c9SE C\u00e9g\u00fcnk a biztons\u00e1gtechnik\u00e1ban a min\u0151s\u00e9gen \u00e9s megb\u00edzhat\u00f3s\u00e1gon alapul\u00f3 rendszereket prefer\u00e1lja, ez\u00e9rt mindig igyeksz\u00fcnk megkeresni azokat a megold\u00e1sokat, amelyek min\u0151s\u00e9gben a fels\u0151 kateg\u00f3ri\u00e1t jelentik, mindezt megfizethet\u0151 \u00e1ron, legyen &hellip;<\/p>\n<p class=\"read-more\"> <a class=\"\" href=\"http:\/\/www.pro-it.hu\/pronew\/szolgaltatasok\/\"> <span class=\"screen-reader-text\">szolgaltatasok<\/span> Read More &raquo;<\/a><\/p>\n","protected":false},"author":1,"featured_media":0,"parent":0,"menu_order":0,"comment_status":"closed","ping_status":"closed","template":"","meta":[],"_links":{"self":[{"href":"http:\/\/www.pro-it.hu\/pronew\/wp-json\/wp\/v2\/pages\/592"}],"collection":[{"href":"http:\/\/www.pro-it.hu\/pronew\/wp-json\/wp\/v2\/pages"}],"about":[{"href":"http:\/\/www.pro-it.hu\/pronew\/wp-json\/wp\/v2\/types\/page"}],"author":[{"embeddable":true,"href":"http:\/\/www.pro-it.hu\/pronew\/wp-json\/wp\/v2\/users\/1"}],"replies":[{"embeddable":true,"href":"http:\/\/www.pro-it.hu\/pronew\/wp-json\/wp\/v2\/comments?post=592"}],"version-history":[{"count":87,"href":"http:\/\/www.pro-it.hu\/pronew\/wp-json\/wp\/v2\/pages\/592\/revisions"}],"predecessor-version":[{"id":1440,"href":"http:\/\/www.pro-it.hu\/pronew\/wp-json\/wp\/v2\/pages\/592\/revisions\/1440"}],"wp:attachment":[{"href":"http:\/\/www.pro-it.hu\/pronew\/wp-json\/wp\/v2\/media?parent=592"}],"curies":[{"name":"wp","href":"https:\/\/api.w.org\/{rel}","templated":true}]}}