{"id":595,"date":"2018-11-27T09:17:56","date_gmt":"2018-11-27T09:17:56","guid":{"rendered":"http:\/\/www.pro-it.hu\/pronew\/contact\/"},"modified":"2023-02-23T08:43:00","modified_gmt":"2023-02-23T07:43:00","slug":"kapcsolat","status":"publish","type":"page","link":"http:\/\/www.pro-it.hu\/pronew\/kapcsolat\/","title":{"rendered":"Kapcsolat"},"content":{"rendered":"\t\t<div data-elementor-type=\"wp-post\" data-elementor-id=\"595\" class=\"elementor elementor-595\">\n\t\t\t\t\t\t<div class=\"elementor-inner\">\n\t\t\t\t<div class=\"elementor-section-wrap\">\n\t\t\t\t\t\t\t\t\t<section class=\"elementor-section elementor-top-section elementor-element elementor-element-2ed7df4 elementor-section-boxed elementor-section-height-default elementor-section-height-default\" data-id=\"2ed7df4\" data-element_type=\"section\">\n\t\t\t\t\t\t<div class=\"elementor-container elementor-column-gap-default\">\n\t\t\t\t\t\t\t<div class=\"elementor-row\">\n\t\t\t\t\t<div class=\"elementor-column elementor-col-100 elementor-top-column elementor-element elementor-element-df29214\" data-id=\"df29214\" data-element_type=\"column\">\n\t\t\t<div class=\"elementor-column-wrap elementor-element-populated\">\n\t\t\t\t\t\t\t<div class=\"elementor-widget-wrap\">\n\t\t\t\t\t\t<div class=\"elementor-element elementor-element-307bdf8 elementor-widget elementor-widget-spacer\" data-id=\"307bdf8\" data-element_type=\"widget\" data-widget_type=\"spacer.default\">\n\t\t\t\t<div class=\"elementor-widget-container\">\n\t\t\t\t\t<div class=\"elementor-spacer\">\n\t\t\t<div class=\"elementor-spacer-inner\"><\/div>\n\t\t<\/div>\n\t\t\t\t<\/div>\n\t\t\t\t<\/div>\n\t\t\t\t\t\t<\/div>\n\t\t\t\t\t<\/div>\n\t\t<\/div>\n\t\t\t\t\t\t\t\t<\/div>\n\t\t\t\t\t<\/div>\n\t\t<\/section>\n\t\t\t\t<section class=\"elementor-section elementor-top-section elementor-element elementor-element-3906703 elementor-section-boxed elementor-section-height-default elementor-section-height-default\" data-id=\"3906703\" data-element_type=\"section\" data-settings=\"{&quot;background_background&quot;:&quot;classic&quot;}\">\n\t\t\t\t\t\t\t<div class=\"elementor-background-overlay\"><\/div>\n\t\t\t\t\t\t\t<div class=\"elementor-container elementor-column-gap-default\">\n\t\t\t\t\t\t\t<div class=\"elementor-row\">\n\t\t\t\t\t<div class=\"elementor-column elementor-col-100 elementor-top-column elementor-element elementor-element-24c9f1f\" data-id=\"24c9f1f\" data-element_type=\"column\">\n\t\t\t<div class=\"elementor-column-wrap elementor-element-populated\">\n\t\t\t\t\t\t\t<div class=\"elementor-widget-wrap\">\n\t\t\t\t\t\t<div class=\"elementor-element elementor-element-a5e247a elementor-widget elementor-widget-heading\" data-id=\"a5e247a\" data-element_type=\"widget\" data-widget_type=\"heading.default\">\n\t\t\t\t<div class=\"elementor-widget-container\">\n\t\t\t<h2 class=\"elementor-heading-title elementor-size-default\">Kapcsolat<\/h2>\t\t<\/div>\n\t\t\t\t<\/div>\n\t\t\t\t\t\t<\/div>\n\t\t\t\t\t<\/div>\n\t\t<\/div>\n\t\t\t\t\t\t\t\t<\/div>\n\t\t\t\t\t<\/div>\n\t\t<\/section>\n\t\t\t\t<section class=\"elementor-section elementor-top-section elementor-element elementor-element-34cbd81 elementor-section-boxed elementor-section-height-default elementor-section-height-default\" data-id=\"34cbd81\" data-element_type=\"section\" data-settings=\"{&quot;background_background&quot;:&quot;classic&quot;}\">\n\t\t\t\t\t\t\t<div class=\"elementor-background-overlay\"><\/div>\n\t\t\t\t\t\t\t<div class=\"elementor-container elementor-column-gap-default\">\n\t\t\t\t\t\t\t<div class=\"elementor-row\">\n\t\t\t\t\t<div class=\"elementor-column elementor-col-50 elementor-top-column elementor-element elementor-element-710f4b7\" data-id=\"710f4b7\" data-element_type=\"column\">\n\t\t\t<div class=\"elementor-column-wrap elementor-element-populated\">\n\t\t\t\t\t\t\t<div class=\"elementor-widget-wrap\">\n\t\t\t\t\t\t<div class=\"elementor-element elementor-element-6139ab8 elementor-widget elementor-widget-heading\" data-id=\"6139ab8\" data-element_type=\"widget\" data-widget_type=\"heading.default\">\n\t\t\t\t<div class=\"elementor-widget-container\">\n\t\t\t<h4 class=\"elementor-heading-title elementor-size-default\">El\u00e9rhet\u0151s\u00e9g\u00fcnk:<\/h4>\t\t<\/div>\n\t\t\t\t<\/div>\n\t\t\t\t<div class=\"elementor-element elementor-element-36bbeec elementor-widget elementor-widget-text-editor\" data-id=\"36bbeec\" data-element_type=\"widget\" data-widget_type=\"text-editor.default\">\n\t\t\t\t<div class=\"elementor-widget-container\">\n\t\t\t\t\t\t\t\t<div class=\"elementor-text-editor elementor-clearfix\">\n\t\t\t\t<p><strong>5820 Mez\u0151hegyes, Pet\u0151fi s\u00e9t\u00e1ny 4\/1.<\/strong><br \/><a style=\"color: #69c3e8;\" href=\"info@pro-it.hu\">info@pro-it.hu<\/a><\/p>\t\t\t\t\t<\/div>\n\t\t\t\t\t\t<\/div>\n\t\t\t\t<\/div>\n\t\t\t\t<div class=\"elementor-element elementor-element-6b08427 elementor-widget elementor-widget-heading\" data-id=\"6b08427\" data-element_type=\"widget\" data-widget_type=\"heading.default\">\n\t\t\t\t<div class=\"elementor-widget-container\">\n\t\t\t<h5 class=\"elementor-heading-title elementor-size-default\">Korompai S\u00e1ndor <\/h5>\t\t<\/div>\n\t\t\t\t<\/div>\n\t\t\t\t<div class=\"elementor-element elementor-element-02b4754 elementor-widget elementor-widget-text-editor\" data-id=\"02b4754\" data-element_type=\"widget\" data-widget_type=\"text-editor.default\">\n\t\t\t\t<div class=\"elementor-widget-container\">\n\t\t\t\t\t\t\t\t<div class=\"elementor-text-editor elementor-clearfix\">\n\t\t\t\t<p>Vez\u00e9rigazgat\u00f3, tulajdonos<\/p>\t\t\t\t\t<\/div>\n\t\t\t\t\t\t<\/div>\n\t\t\t\t<\/div>\n\t\t\t\t<div class=\"elementor-element elementor-element-b9a06fc elementor-widget elementor-widget-text-editor\" data-id=\"b9a06fc\" data-element_type=\"widget\" data-widget_type=\"text-editor.default\">\n\t\t\t\t<div class=\"elementor-widget-container\">\n\t\t\t\t\t\t\t\t<div class=\"elementor-text-editor elementor-clearfix\">\n\t\t\t\t<p><strong>Telefon:<\/strong> <a style=\"color: #69c3e8;\" href=\"tel:+36 30 477 6844\">+36 30 477 6844<\/a><\/p><p><strong style=\"font-size: 16px;\">E-mail: <\/strong><a style=\"font-size: 16px; background-color: #ffffff; color: #69c3e8;\" href=\"mailto:sbs@pro-it.hu\">sbs@pro-it.hu<\/a><\/p>\t\t\t\t\t<\/div>\n\t\t\t\t\t\t<\/div>\n\t\t\t\t<\/div>\n\t\t\t\t<div class=\"elementor-element elementor-element-d478d63 elementor-widget elementor-widget-text-editor\" data-id=\"d478d63\" data-element_type=\"widget\" data-widget_type=\"text-editor.default\">\n\t\t\t\t<div class=\"elementor-widget-container\">\n\t\t\t\t\t\t\t\t<div class=\"elementor-text-editor elementor-clearfix\">\n\t\t\t\t\t\t\t\t\t<\/div>\n\t\t\t\t\t\t<\/div>\n\t\t\t\t<\/div>\n\t\t\t\t<div class=\"elementor-element elementor-element-8a2c08c elementor-widget elementor-widget-text-editor\" data-id=\"8a2c08c\" data-element_type=\"widget\" data-widget_type=\"text-editor.default\">\n\t\t\t\t<div class=\"elementor-widget-container\">\n\t\t\t\t\t\t\t\t<div class=\"elementor-text-editor elementor-clearfix\">\n\t\t\t\t\t\t\t\t\t<\/div>\n\t\t\t\t\t\t<\/div>\n\t\t\t\t<\/div>\n\t\t\t\t<div class=\"elementor-element elementor-element-dfcff5a elementor-widget elementor-widget-heading\" data-id=\"dfcff5a\" data-element_type=\"widget\" data-widget_type=\"heading.default\">\n\t\t\t\t<div class=\"elementor-widget-container\">\n\t\t\t<h5 class=\"elementor-heading-title elementor-size-default\">C\u00e9ginform\u00e1ci\u00f3:<\/h5>\t\t<\/div>\n\t\t\t\t<\/div>\n\t\t\t\t<div class=\"elementor-element elementor-element-a04dedb elementor-widget elementor-widget-text-editor\" data-id=\"a04dedb\" data-element_type=\"widget\" data-widget_type=\"text-editor.default\">\n\t\t\t\t<div class=\"elementor-widget-container\">\n\t\t\t\t\t\t\t\t<div class=\"elementor-text-editor elementor-clearfix\">\n\t\t\t\t<p><b>C\u00e9gn\u00e9v: <\/b>PRO-IT Construction Zrt.<\/p><p><span style=\"font-size: 16px; font-style: normal; font-weight: bold;\">Sz\u00e9khely:<\/span><span style=\"font-size: 16px; font-style: normal; font-weight: 400;\">\u00a02636, T\u00e9sa Pet\u0151fi utca 16.<\/span><\/p><p><strong>C\u00e9gjegyz\u00e9ksz\u00e1m: <\/strong>13-10-042341<\/p><p><strong>Ad\u00f3sz\u00e1m:\u00a0<\/strong>22790709-2-13<\/p><p><strong>Banksz\u00e1mlasz\u00e1m (CIB Bank):<\/strong>\u00a010700316-73541857-51100005<\/p>\t\t\t\t\t<\/div>\n\t\t\t\t\t\t<\/div>\n\t\t\t\t<\/div>\n\t\t\t\t\t\t<\/div>\n\t\t\t\t\t<\/div>\n\t\t<\/div>\n\t\t\t\t<div class=\"elementor-column elementor-col-50 elementor-top-column elementor-element elementor-element-319fb98\" data-id=\"319fb98\" data-element_type=\"column\">\n\t\t\t<div class=\"elementor-column-wrap elementor-element-populated\">\n\t\t\t\t\t\t\t<div class=\"elementor-widget-wrap\">\n\t\t\t\t\t\t<div class=\"elementor-element elementor-element-9e5cfd2 elementor-widget elementor-widget-google_maps\" data-id=\"9e5cfd2\" data-element_type=\"widget\" data-widget_type=\"google_maps.default\">\n\t\t\t\t<div class=\"elementor-widget-container\">\n\t\t\t\t\t<div class=\"elementor-custom-embed\">\n\t\t\t<iframe loading=\"lazy\"\n\t\t\t\t\tsrc=\"https:\/\/maps.google.com\/maps?q=5820%20Mez%C5%91hegyes%2C%20Pet%C5%91fi%20s%C3%A9t%C3%A1ny%204%2F1.&#038;t=m&#038;z=14&#038;output=embed&#038;iwloc=near\"\n\t\t\t\t\ttitle=\"5820 Mez\u0151hegyes, Pet\u0151fi s\u00e9t\u00e1ny 4\/1.\"\n\t\t\t\t\taria-label=\"5820 Mez\u0151hegyes, Pet\u0151fi s\u00e9t\u00e1ny 4\/1.\"\n\t\t\t><\/iframe>\n\t\t<\/div>\n\t\t\t\t<\/div>\n\t\t\t\t<\/div>\n\t\t\t\t<div class=\"elementor-element elementor-element-0f3242d elementor-widget elementor-widget-elementskit-business-hours\" data-id=\"0f3242d\" data-element_type=\"widget\" data-widget_type=\"elementskit-business-hours.default\">\n\t\t\t\t<div class=\"elementor-widget-container\">\n\t\t\t<div class=\"ekit-wid-con\" >\t\t<div class=\"ekit-business-hours-inner\">\n\t\t\t\t\t\t<div class=\"ekit-single-day elementor-repeater-item-2484f98 \">\n\t\t\t\t\t\t\t\t<span class=\"ekit-business-day\">Irod\u00e1nk nyitvatart\u00e1sa:<\/span>\n\t\t\t\t\t\t\t<\/div>\n\t\t\t\t\t\t<div class=\"ekit-single-day elementor-repeater-item-754cb0b \">\n\t\t\t\t\t\t\t\t<span class=\"ekit-business-day\">H\u00e9tf\u0151:<\/span>\n\t\t\t\t\t\t\t\t<span class=\"ekit-business-time\">08:00 - 16:00<\/span>\n\t\t\t\t\t\t\t<\/div>\n\t\t\t\t\t\t<div class=\"ekit-single-day elementor-repeater-item-2a42ecf \">\n\t\t\t\t\t\t\t\t<span class=\"ekit-business-day\">Kedd:<\/span>\n\t\t\t\t\t\t\t\t<span class=\"ekit-business-time\">08:00 - 16:00<\/span>\n\t\t\t\t\t\t\t<\/div>\n\t\t\t\t\t\t<div class=\"ekit-single-day elementor-repeater-item-1fe30c8 \">\n\t\t\t\t\t\t\t\t<span class=\"ekit-business-day\">Szerda:<\/span>\n\t\t\t\t\t\t\t\t<span class=\"ekit-business-time\">08:00 - 16:00<\/span>\n\t\t\t\t\t\t\t<\/div>\n\t\t\t\t\t\t<div class=\"ekit-single-day elementor-repeater-item-a88a413 \">\n\t\t\t\t\t\t\t\t<span class=\"ekit-business-day\">Cs\u00fct\u00f6rt\u00f6k:<\/span>\n\t\t\t\t\t\t\t\t<span class=\"ekit-business-time\">08:00 - 16:00<\/span>\n\t\t\t\t\t\t\t<\/div>\n\t\t\t\t\t\t<div class=\"ekit-single-day elementor-repeater-item-7c58d39 \">\n\t\t\t\t\t\t\t\t<span class=\"ekit-business-day\">P\u00e9ntek:<\/span>\n\t\t\t\t\t\t\t\t<span class=\"ekit-business-time\">08:00 - 16:00<\/span>\n\t\t\t\t\t\t\t<\/div>\n\t\t\t\t\t<\/div>\n        <\/div>\t\t<\/div>\n\t\t\t\t<\/div>\n\t\t\t\t\t\t<\/div>\n\t\t\t\t\t<\/div>\n\t\t<\/div>\n\t\t\t\t\t\t\t\t<\/div>\n\t\t\t\t\t<\/div>\n\t\t<\/section>\n\t\t\t\t\t\t\t\t\t<\/div>\n\t\t\t<\/div>\n\t\t\t\t\t<\/div>\n\t\t","protected":false},"excerpt":{"rendered":"<p>Kapcsolat El\u00e9rhet\u0151s\u00e9g\u00fcnk: 5820 Mez\u0151hegyes, Pet\u0151fi s\u00e9t\u00e1ny 4\/1.info@pro-it.hu Korompai S\u00e1ndor Vez\u00e9rigazgat\u00f3, tulajdonos Telefon: +36 30 477 6844 E-mail: sbs@pro-it.hu C\u00e9ginform\u00e1ci\u00f3: C\u00e9gn\u00e9v: PRO-IT Construction Zrt. Sz\u00e9khely:\u00a02636, T\u00e9sa Pet\u0151fi utca 16. C\u00e9gjegyz\u00e9ksz\u00e1m: 13-10-042341 Ad\u00f3sz\u00e1m:\u00a022790709-2-13 Banksz\u00e1mlasz\u00e1m (CIB Bank):\u00a010700316-73541857-51100005 Irod\u00e1nk nyitvatart\u00e1sa: H\u00e9tf\u0151: 08:00 &#8211; 16:00 Kedd: 08:00 &#8211; 16:00 Szerda: 08:00 &#8211; 16:00 Cs\u00fct\u00f6rt\u00f6k: 08:00 &#8211; 16:00 P\u00e9ntek: 08:00 &#8211; &hellip;<\/p>\n<p class=\"read-more\"> <a class=\"\" href=\"http:\/\/www.pro-it.hu\/pronew\/kapcsolat\/\"> <span class=\"screen-reader-text\">Kapcsolat<\/span> Read More &raquo;<\/a><\/p>\n","protected":false},"author":1,"featured_media":0,"parent":0,"menu_order":0,"comment_status":"closed","ping_status":"closed","template":"","meta":[],"_links":{"self":[{"href":"http:\/\/www.pro-it.hu\/pronew\/wp-json\/wp\/v2\/pages\/595"}],"collection":[{"href":"http:\/\/www.pro-it.hu\/pronew\/wp-json\/wp\/v2\/pages"}],"about":[{"href":"http:\/\/www.pro-it.hu\/pronew\/wp-json\/wp\/v2\/types\/page"}],"author":[{"embeddable":true,"href":"http:\/\/www.pro-it.hu\/pronew\/wp-json\/wp\/v2\/users\/1"}],"replies":[{"embeddable":true,"href":"http:\/\/www.pro-it.hu\/pronew\/wp-json\/wp\/v2\/comments?post=595"}],"version-history":[{"count":111,"href":"http:\/\/www.pro-it.hu\/pronew\/wp-json\/wp\/v2\/pages\/595\/revisions"}],"predecessor-version":[{"id":1773,"href":"http:\/\/www.pro-it.hu\/pronew\/wp-json\/wp\/v2\/pages\/595\/revisions\/1773"}],"wp:attachment":[{"href":"http:\/\/www.pro-it.hu\/pronew\/wp-json\/wp\/v2\/media?parent=595"}],"curies":[{"name":"wp","href":"https:\/\/api.w.org\/{rel}","templated":true}]}}